{"id":108,"date":"2015-06-19T22:35:04","date_gmt":"2015-06-19T20:35:04","guid":{"rendered":"http:\/\/www.altstadthotel-athos.de\/athos\/?page_id=108"},"modified":"2018-01-26T08:27:25","modified_gmt":"2018-01-26T07:27:25","slug":"restaurant","status":"publish","type":"page","link":"https:\/\/altstadthotel-athos.de\/?page_id=108","title":{"rendered":"Restaurant"},"content":{"rendered":"<p><strong>Kali Orexi<\/strong> hei\u00dft es in unserem Restaurant. Original <strong>griechische<\/strong> K\u00fcche und ebensolches Ambiente lassen Urlaubserinnerungen au<span class=\"text_exposed_show\">fkommen. <\/span><\/p>\n<p>Nat\u00fcrlich bietet die K\u00fcche auch internationale Spezialit\u00e4ten.<\/p>\nngg_shortcode_0_placeholder\n<p>&nbsp;<\/p>\n","protected":false},"excerpt":{"rendered":"<p>Kali Orexi hei\u00dft es in unserem Restaurant. Original griechische K\u00fcche und ebensolches Ambiente lassen Urlaubserinnerungen aufkommen. Nat\u00fcrlich bietet die K\u00fcche auch internationale Spezialit\u00e4ten. &nbsp;<\/p>\n","protected":false},"author":1,"featured_media":0,"parent":0,"menu_order":3,"comment_status":"closed","ping_status":"closed","template":"templates\/eigen.php","meta":{"ngg_post_thumbnail":0,"footnotes":""},"class_list":["post-108","page","type-page","status-publish","hentry"],"_links":{"self":[{"href":"https:\/\/altstadthotel-athos.de\/index.php?rest_route=\/wp\/v2\/pages\/108","targetHints":{"allow":["GET"]}}],"collection":[{"href":"https:\/\/altstadthotel-athos.de\/index.php?rest_route=\/wp\/v2\/pages"}],"about":[{"href":"https:\/\/altstadthotel-athos.de\/index.php?rest_route=\/wp\/v2\/types\/page"}],"author":[{"embeddable":true,"href":"https:\/\/altstadthotel-athos.de\/index.php?rest_route=\/wp\/v2\/users\/1"}],"replies":[{"embeddable":true,"href":"https:\/\/altstadthotel-athos.de\/index.php?rest_route=%2Fwp%2Fv2%2Fcomments&post=108"}],"version-history":[{"count":39,"href":"https:\/\/altstadthotel-athos.de\/index.php?rest_route=\/wp\/v2\/pages\/108\/revisions"}],"predecessor-version":[{"id":535,"href":"https:\/\/altstadthotel-athos.de\/index.php?rest_route=\/wp\/v2\/pages\/108\/revisions\/535"}],"wp:attachment":[{"href":"https:\/\/altstadthotel-athos.de\/index.php?rest_route=%2Fwp%2Fv2%2Fmedia&parent=108"}],"curies":[{"name":"wp","href":"https:\/\/api.w.org\/{rel}","templated":true}]}}