{"id":112,"date":"2015-06-19T22:35:47","date_gmt":"2015-06-19T20:35:47","guid":{"rendered":"http:\/\/www.altstadthotel-athos.de\/athos\/?page_id=112"},"modified":"2018-01-25T09:10:34","modified_gmt":"2018-01-25T08:10:34","slug":"cocktailbar","status":"publish","type":"page","link":"https:\/\/altstadthotel-athos.de\/?page_id=112","title":{"rendered":"Cocktailbar"},"content":{"rendered":"<p>Entspannung und Unterhaltung findet der Gast in unserer Cocktailbar, die neben einem breiten Angebot an Cocktails und Drinks auch Zigarren und ausgew\u00e4hlte Whiskeys bereith\u00e4lt.<\/p>\n<p>Gro\u00dfz\u00fcgige und zugleich bequeme Sitzgruppen, sowie eine freundliche Atmosph\u00e4re macht die Bar zu einem abendlichen kommunikativen Treffpunkt, der seinesgleichen sucht.<\/p>\n<p>Und wer mag, kommt in unserer Cocktailbar auch mit den stets aufgeschlossenen und freundlichen Einwohnern aus Gotha und Th\u00fcringen ins Gespr\u00e4ch, die hier immer wieder gern gesehene G\u00e4ste sind.<\/p>\n<p><strong>Weitere Informationen zur Bar oder zu Events, finden Sie auch unter:<a href=\"http:\/\/www.athos-die-bar.de\" target=\"_blank\"> www.athos-die-bar.de<\/a><\/strong><\/p>\nngg_shortcode_0_placeholder\n","protected":false},"excerpt":{"rendered":"<p>Entspannung und Unterhaltung findet der Gast in unserer Cocktailbar, die neben einem breiten Angebot an Cocktails und Drinks auch Zigarren und ausgew\u00e4hlte Whiskeys bereith\u00e4lt. Gro\u00dfz\u00fcgige und zugleich bequeme Sitzgruppen, sowie eine freundliche Atmosph\u00e4re macht die Bar zu einem abendlichen kommunikativen&hellip; <\/p>\n","protected":false},"author":1,"featured_media":0,"parent":0,"menu_order":4,"comment_status":"closed","ping_status":"closed","template":"templates\/eigen.php","meta":{"ngg_post_thumbnail":0,"footnotes":""},"class_list":["post-112","page","type-page","status-publish","hentry"],"_links":{"self":[{"href":"https:\/\/altstadthotel-athos.de\/index.php?rest_route=\/wp\/v2\/pages\/112","targetHints":{"allow":["GET"]}}],"collection":[{"href":"https:\/\/altstadthotel-athos.de\/index.php?rest_route=\/wp\/v2\/pages"}],"about":[{"href":"https:\/\/altstadthotel-athos.de\/index.php?rest_route=\/wp\/v2\/types\/page"}],"author":[{"embeddable":true,"href":"https:\/\/altstadthotel-athos.de\/index.php?rest_route=\/wp\/v2\/users\/1"}],"replies":[{"embeddable":true,"href":"https:\/\/altstadthotel-athos.de\/index.php?rest_route=%2Fwp%2Fv2%2Fcomments&post=112"}],"version-history":[{"count":10,"href":"https:\/\/altstadthotel-athos.de\/index.php?rest_route=\/wp\/v2\/pages\/112\/revisions"}],"predecessor-version":[{"id":527,"href":"https:\/\/altstadthotel-athos.de\/index.php?rest_route=\/wp\/v2\/pages\/112\/revisions\/527"}],"wp:attachment":[{"href":"https:\/\/altstadthotel-athos.de\/index.php?rest_route=%2Fwp%2Fv2%2Fmedia&parent=112"}],"curies":[{"name":"wp","href":"https:\/\/api.w.org\/{rel}","templated":true}]}}