{"id":2,"date":"2015-06-19T09:44:08","date_gmt":"2015-06-19T09:44:08","guid":{"rendered":"http:\/\/www.altstadthotel-athos.de\/athos\/?page_id=2"},"modified":"2022-04-25T14:43:39","modified_gmt":"2022-04-25T12:43:39","slug":"beispiel-seite","status":"publish","type":"page","link":"https:\/\/altstadthotel-athos.de\/","title":{"rendered":"Startseite"},"content":{"rendered":"<p><strong>Herzlich Willkommen auf der Website vom Altstadthotel-Athos <\/strong><\/p>\n<p>Im Altstadthotel Athos mit seiner pr\u00e4gnanten Backsteinfassade k\u00f6nnen Sie gar nicht anders als sich vom ersten Moment an rundum wohlzuf\u00fchlen.<\/p>\n<p>Beginnen Sie Ihren Aufenthalt mit einem freundlichen Empfang und machen Sie es sich anschlie\u00dfend in Ihrem ger\u00e4umigen und komfortablen Zimmer gem\u00fctlich.<\/p>\n<p>Es erwartet Sie ein charakteristisches und historisches Altstadthotel mit traditioneller moderner Ausstattung direkt in der Innenstadt von Gotha.<\/p>\n<p>Des weiteren bieten wir Ihnen im Altstadthotel Athos, eine sehr gute Griechischen K\u00fcche und anderen Internationale Gerichte an.<\/p>\n<p>Und f\u00fcr die sp\u00e4teren Stunden zum Ausglang des Tages, lassen Sie sich in unserer Cocktailbar mit leckere Cocktails, Whiskys oder anderen Drinks verw\u00f6hnen.<\/p>\n<p><span class=\"text_exposed_show\">Wir freuen uns auf Ihren Besuch, ihr Altstadthotel-Athos Team Gotha.<\/span><\/p>\n<p>&nbsp;<\/p>\n<p><img loading=\"lazy\" decoding=\"async\" class=\" size-full wp-image-77 aligncenter\" src=\"https:\/\/altstadthotel-athos.de\/wp-content\/uploads\/2015\/06\/IMG_22423.jpg\" alt=\"IMG_22423\" width=\"400\" height=\"350\" srcset=\"https:\/\/altstadthotel-athos.de\/wp-content\/uploads\/2015\/06\/IMG_22423.jpg 400w, https:\/\/altstadthotel-athos.de\/wp-content\/uploads\/2015\/06\/IMG_22423-300x263.jpg 300w\" sizes=\"auto, (max-width: 400px) 100vw, 400px\" \/><\/p>\n","protected":false},"excerpt":{"rendered":"<p>Herzlich Willkommen auf der Website vom Altstadthotel-Athos Im Altstadthotel Athos mit seiner pr\u00e4gnanten Backsteinfassade k\u00f6nnen Sie gar nicht anders als sich vom ersten Moment an rundum wohlzuf\u00fchlen. Beginnen Sie Ihren Aufenthalt mit einem freundlichen Empfang und machen Sie es sich&hellip; <\/p>\n","protected":false},"author":1,"featured_media":13,"parent":0,"menu_order":0,"comment_status":"open","ping_status":"open","template":"templates\/eigen.php","meta":{"ngg_post_thumbnail":0,"footnotes":""},"class_list":["post-2","page","type-page","status-publish","has-post-thumbnail","hentry"],"_links":{"self":[{"href":"https:\/\/altstadthotel-athos.de\/index.php?rest_route=\/wp\/v2\/pages\/2","targetHints":{"allow":["GET"]}}],"collection":[{"href":"https:\/\/altstadthotel-athos.de\/index.php?rest_route=\/wp\/v2\/pages"}],"about":[{"href":"https:\/\/altstadthotel-athos.de\/index.php?rest_route=\/wp\/v2\/types\/page"}],"author":[{"embeddable":true,"href":"https:\/\/altstadthotel-athos.de\/index.php?rest_route=\/wp\/v2\/users\/1"}],"replies":[{"embeddable":true,"href":"https:\/\/altstadthotel-athos.de\/index.php?rest_route=%2Fwp%2Fv2%2Fcomments&post=2"}],"version-history":[{"count":27,"href":"https:\/\/altstadthotel-athos.de\/index.php?rest_route=\/wp\/v2\/pages\/2\/revisions"}],"predecessor-version":[{"id":624,"href":"https:\/\/altstadthotel-athos.de\/index.php?rest_route=\/wp\/v2\/pages\/2\/revisions\/624"}],"wp:featuredmedia":[{"embeddable":true,"href":"https:\/\/altstadthotel-athos.de\/index.php?rest_route=\/wp\/v2\/media\/13"}],"wp:attachment":[{"href":"https:\/\/altstadthotel-athos.de\/index.php?rest_route=%2Fwp%2Fv2%2Fmedia&parent=2"}],"curies":[{"name":"wp","href":"https:\/\/api.w.org\/{rel}","templated":true}]}}