{"id":565,"date":"2018-04-13T09:02:40","date_gmt":"2018-04-13T07:02:40","guid":{"rendered":"https:\/\/altstadthotel-athos.de\/?page_id=565"},"modified":"2018-05-24T11:07:06","modified_gmt":"2018-05-24T09:07:06","slug":"datenschutz","status":"publish","type":"page","link":"https:\/\/altstadthotel-athos.de\/?page_id=565","title":{"rendered":"Datenschutz"},"content":{"rendered":"<h4><strong>Datenschutzerkl\u00e4rung<br \/>\n<\/strong><\/h4>\n<p><strong>Datenschutz \/ Grundsatz \/ Zweckbestimmung \/ Sicherheit<\/strong><\/p>\n<div id=\"privpol_div_rich_text_preview\" class=\"uk-width-1-1\">\n<p class=\"text-justify\">Die Betreiber dieser Seiten nehmen den Schutz Ihrer pers\u00f6nlichen Daten sehr ernst. Wir behandeln Ihre personenbezogenen Daten vertraulich und entsprechend der gesetzlichen Datenschutzvorschriften sowie dieser Datenschutzerkl\u00e4rung. Wir m\u00f6chten, dass Sie wissen, wann wir welche Daten erheben und wie wir sie verwenden.<\/p>\n<p class=\"text-justify\">Die Nutzung unserer Website ist in der Regel ohne Angabe personenbezogener Daten m\u00f6glich. Soweit auf unseren Seiten personenbezogene Daten (beispielsweise Name, Anschrift, Telefonnummer oder E-Mail-Adressen) erhoben werden, erfolgt dies, soweit m\u00f6glich, stets auf freiwilliger Basis. Die personenbezogenen Daten verwenden wir nur, um Ihre Anfrage zu beantworten, Ihre Auftr\u00e4ge zu bearbeiten oder Zug\u00e4nge zu Informationen beziehungsweise Informationsquellen zu verschaffen. Diese Daten werden ohne Ihre ausdr\u00fcckliche Zustimmung weder an Dritte weitergegeben noch anderweitig vermarkten. Alle unserer Mitarbeiter und alle an der Datenverarbeitung beteiligten Erf\u00fcllungsgehilfen sind auf das Bundesdatenschutzgesetz und den vertraulichen Umgang mit personenbezogenen Daten verpflichtet. Unsere Sicherungsma\u00dfnahmen werden entsprechend der technologischen Entwicklung fortlaufend \u00fcberarbeitet.<\/p>\n<p class=\"text-justify\">Wir haben technische und organisatorische Sicherheitsma\u00dfnahmen getroffen, um Ihre personenbezogenen Daten vor Verlust, Zerst\u00f6rung, Manipulation und unberechtigten Zugriff zu sch\u00fctzen.<\/p>\n<p class=\"text-justify\">Personen die noch nicht das 18. Lebensjahr erreicht haben, sollten ohne die Zustimmung der Eltern oder Erziehungsberechtigten keine personenbezogenen Daten an uns \u00fcbermitteln. Wir fordern keine personenbezogenen Daten von Jugendlichen und Kindern an.<\/p>\n<p class=\"text-justify\">Wir weisen darauf hin, dass die Daten\u00fcbertragung im Internet (z.B. bei der Kommunikation per E-Mail) Sicherheitsl\u00fccken aufweisen kann. Ein l\u00fcckenloser Schutz der Daten vor dem Zugriff durch Dritte ist nicht m\u00f6glich. Allerdings werden die Sicherheitsma\u00dfnahmen entsprechend der technologischen Entwicklung fortlaufend verbessert.<\/p>\n<hr \/>\n<p><strong><br \/>\nVerantwortlicher<\/strong><br \/>\nInes Weisheit \/ Altstadthotel-Athos<br \/>\nPfortenwallgasse 1<br \/>\n99867 Gotha, Deutschland<br \/>\nE-Mailadresse: info@altstadthotel-athos.de<br \/>\nLink zum Impressum: <a href=\"\/?page_id=47\">Impressum<\/a><\/p>\n<hr \/>\n<p class=\"text-justify\"><strong><br \/>\nL\u00f6schung von Daten<\/strong><\/p>\n<p>Die von uns verarbeiteten Daten werden nach Ma\u00dfgabe der Art. 17 und 18 DSGVO gel\u00f6scht oder in ihrer Verarbeitung eingeschr\u00e4nkt. Sofern nicht im Rahmen dieser Datenschutzerkl\u00e4rung ausdr\u00fccklich angegeben, werden die bei uns gespeicherten Daten gel\u00f6scht, sobald sie f\u00fcr ihre Zweckbestimmung nicht mehr erforderlich sind und der L\u00f6schung keine gesetzlichen Aufbewahrungspflichten entgegenstehen. Sofern die Daten nicht gel\u00f6scht werden, weil sie f\u00fcr andere und gesetzlich zul\u00e4ssige Zwecke erforderlich sind, wird deren Verarbeitung eingeschr\u00e4nkt. D.h. die Daten werden gesperrt und nicht f\u00fcr andere Zwecke verarbeitet. Das gilt z.B. f\u00fcr Daten, die aus handels- oder steuerrechtlichen Gr\u00fcnden aufbewahrt werden m\u00fcssen.<\/p>\n<p>Nach gesetzlichen Vorgaben in Deutschland, erfolgt die Aufbewahrung insbesondere f\u00fcr 10 Jahre gem\u00e4\u00df \u00a7\u00a7 147 Abs. 1 AO, 257 Abs. 1 Nr. 1 und 4, Abs. 4 HGB (B\u00fccher, Aufzeichnungen, Lageberichte, Buchungsbelege, Handelsb\u00fccher, f\u00fcr Besteuerung relevanter Unterlagen, etc.) und 6 Jahre gem\u00e4\u00df \u00a7 257 Abs. 1 Nr. 2 und 3, Abs. 4 HGB (Handelsbriefe).<\/p>\n<p>Nach gesetzlichen Vorgaben in \u00d6sterreich erfolgt die Aufbewahrung insbesondere f\u00fcr 7 J gem\u00e4\u00df \u00a7 132 Abs. 1 BAO (Buchhaltungsunterlagen, Belege\/Rechnungen, Konten, Belege, Gesch\u00e4ftspapiere, Aufstellung der Einnahmen und Ausgaben, etc.), f\u00fcr 22 Jahre im Zusammenhang mit Grundst\u00fccken und f\u00fcr 10 Jahre bei Unterlagen im Zusammenhang mit elektronisch erbrachten Leistungen, Telekommunikations-, Rundfunk- und Fernsehleistungen, die an Nichtunternehmer in EU-Mitgliedstaaten erbracht werden und f\u00fcr die der Mini-One-Stop-Shop (MOSS) in Anspruch genommen wird.<\/p>\n<hr \/>\n<p class=\"text-justify\"><strong><br \/>\nAuskunftsrecht<\/strong><\/p>\n<p class=\"text-justify\">Sie haben jederzeit das Recht auf unentgeltliche Auskunft \u00fcber Ihre gespeicherten personenbezogenen Daten, deren Herkunft und Empf\u00e4nger und den Zweck der Datenverarbeitung sowie ein Recht auf Berichtigung, Sperrung oder L\u00f6schung dieser Daten. Bei Fragen zum Thema personenbezogene Daten k\u00f6nnen Sie sich jederzeit unter der im <a href=\"\/?page_id=47\">Impressum<\/a> angegebenen Adresse an uns wenden.<\/p>\n<hr \/>\n<div class=\"cookies\">\u00a0<strong><strong><strong><strong><br \/>\n<\/strong><\/strong><\/strong><\/strong><strong><a id=\"cookies\"><\/a>Cookies und Widerspruchsrecht bei Direktwerbung<\/strong><\/div>\n<div class=\"cookies\">Als \u201eCookies\u201c werden kleine Dateien bezeichnet, die auf Rechnern der Nutzer gespeichert werden. Innerhalb der Cookies k\u00f6nnen unterschiedliche Angaben gespeichert werden. Ein Cookie dient prim\u00e4r dazu, die Angaben zu einem Nutzer (bzw. dem Ger\u00e4t auf dem das Cookie gespeichert ist) w\u00e4hrend oder auch nach seinem Besuch innerhalb eines Onlineangebotes zu speichern. Als tempor\u00e4re Cookies, bzw. \u201eSession-Cookies\u201c oder \u201etransiente Cookies\u201c, werden Cookies bezeichnet, die gel\u00f6scht werden, nachdem ein Nutzer ein Onlineangebot verl\u00e4sst und seinen Browser schlie\u00dft. In einem solchen Cookie kann z.B. der Inhalt eines Warenkorbs in einem Onlineshop oder ein Login-Status gespeichert werden. Als \u201epermanent\u201c oder \u201epersistent\u201c werden Cookies bezeichnet, die auch nach dem Schlie\u00dfen des Browsers gespeichert bleiben. So kann z.B. der Login-Status gespeichert werden, wenn die Nutzer diese nach mehreren Tagen aufsuchen. Ebenso k\u00f6nnen in einem solchen Cookie die Interessen der Nutzer gespeichert werden, die f\u00fcr Reichweitenmessung oder Marketingzwecke verwendet werden. Als \u201eThird-Party-Cookie\u201c werden Cookies bezeichnet, die von anderen Anbietern als dem Verantwortlichen, der das Onlineangebot betreibt, angeboten werden (andernfalls, wenn es nur dessen Cookies sind spricht man von \u201eFirst-Party Cookies\u201c).Wir k\u00f6nnen tempor\u00e4re und permanente Cookies einsetzen und kl\u00e4ren hier\u00fcber im Rahmen unserer Datenschutzerkl\u00e4rung auf.Falls die Nutzer nicht m\u00f6chten, dass Cookies auf ihrem Rechner gespeichert werden, werden sie gebeten die entsprechende Option in den Systemeinstellungen ihres Browsers zu deaktivieren. Gespeicherte Cookies k\u00f6nnen in den Systemeinstellungen des Browsers gel\u00f6scht werden. Der Ausschluss von Cookies kann zu Funktionseinschr\u00e4nkungen dieses Onlineangebotes f\u00fchren. Ein genereller Widerspruch gegen den Einsatz der zu Zwecken des Onlinemarketing eingesetzten Cookies kann bei einer Vielzahl der Dienste, vor allem im Fall des Trackings, \u00fcber die US-amerikanische Seite <a href=\"http:\/\/www.aboutads.info\/choices\/\">http:\/\/www.aboutads.info\/choices\/<\/a> oder die EU-Seite <a href=\"http:\/\/www.youronlinechoices.com\/\">http:\/\/www.youronlinechoices.com\/<\/a> erkl\u00e4rt werden. Des Weiteren kann die Speicherung von Cookies mittels deren Abschaltung in den Einstellungen des Browsers erreicht werden. Bitte beachten Sie, dass dann gegebenenfalls nicht alle Funktionen dieses Onlineangebotes genutzt werden k\u00f6nnen.<\/div>\n<\/div>\n<hr \/>\n<p><strong><br \/>\nWiderrufsrecht<\/strong><\/p>\n<div class=\"widerrufsrecht\">\n<p class=\"text-justify\">Sie k\u00f6nnen jederzeit Ihre Zustimmung zur Erhebung und Speicherung Ihrer personenbezogenen Daten durch uns widerrufen. Schreiben Sie uns dazu bitte per Post oder per e-mail.<\/p>\n<\/div>\n<hr \/>\n<p class=\"text-justify\"><strong><br \/>\nServer-Log-Files<\/strong><\/p>\n<p class=\"text-justify\">Der Provider der Seiten erhebt und speichert automatisch Informationen in so genannten Server-Log Files, die Ihr Browser automatisch an uns \u00fcbermittelt. Dies sind:<\/p>\n<ul>\n<li>IP-Adresse des anfragenden Rechners,<\/li>\n<li>Datum und Uhrzeit des Zugriffs,<\/li>\n<li>Name und URL der abgerufenen Datei,<\/li>\n<li>Website, von der aus der Zugriff erfolgt (Referrer-URL),<\/li>\n<li>verwendeter Browser und ggf. das Betriebssystem Ihres Rechners.<\/li>\n<\/ul>\n<p>Die Logfiles werden zur Aufrechterhaltung des Serverbetriebs und zur statistischen Auswertung erhoben und gespeichert. Diese Daten sind nicht bestimmten Personen zuordenbar. Eine Zusammenf\u00fchrung dieser Daten mit anderen Datenquellen wird nicht vorgenommen. Wir behalten uns vor, diese Daten nachtr\u00e4glich zu pr\u00fcfen, wenn uns konkrete Anhaltspunkte f\u00fcr eine rechtswidrige Nutzung bekannt werden.<\/p>\n<hr \/>\n<p class=\"text-justify\"><strong><br \/>\n<\/strong><strong>Nutzung von Google Maps<\/strong><\/p>\n<p class=\"text-justify\">Auf unserer Seite setzen wir \u201eGoogle Maps\u201c der Firma Google Inc., 1600 Amphitheatre Parkway, Mountain View, CA 94043 USA, nachfolgend \u201eGoogle\u201c genannt, ein.<\/p>\n<p class=\"text-justify\">Bei jedem einzelnen Aufruf von \u201eGoogle Maps\u201c wird von Google ein Cookie gesetzt, um bei der Anzeige der Seite, auf der \u201eGoogle Maps\u201c integriert ist, Nutzerdaten und Nutzereinstellungen zu verarbeiten. Dieses Cookie wird nicht durch das Schlie\u00dfen des Browsers gel\u00f6scht, sondern l\u00e4uft nach einer bestimmten Zeit ab, soweit es nicht von Ihnen zuvor manuell gel\u00f6scht wird.<\/p>\n<p class=\"text-justify\">Wenn Sie mit dieser Verarbeitung Ihrer Daten nicht einverstanden sind, haben Sie die M\u00f6glichkeit, den Service von \u201eGoogle Maps\u201c zu deaktivieren und somit die \u00dcbertragung von Daten an Google zu verhindern. Daf\u00fcr m\u00fcssen Sie die Java-Script-Funktion in Ihrem Browser deaktivieren. Wir weisen Sie jedoch darauf hin, dass Sie in diesem Fall die \u201eGoogle Maps\u201c nicht oder nur eingeschr\u00e4nkt nutzen k\u00f6nnen.<\/p>\n<p class=\"text-justify\">F\u00fcr die Nutzung von \u201eGoogle Maps\u201c und der \u00fcber \u201eGoogle Maps\u201c erlangten Informationen gelten die nachfolgenden Google-Nutzungsbedingungen <a href=\"http:\/\/www.google.de\/intl\/de\/policies\/terms\/regional.html\" target=\"_blank\" rel=\"noopener\">http:\/\/www.google.de\/intl\/de\/policies\/terms\/regional.html<\/a> sowie die zus\u00e4tzlichen Gesch\u00e4ftsbedingungen f\u00fcr \u201eGoogle Maps\u201c <a href=\"https:\/\/www.google.com\/intl\/de_de\/help\/terms_maps.html\" target=\"_blank\" rel=\"noopener\">https:\/\/www.google.com\/intl\/de_de\/help\/terms_maps.html<\/a>.<\/p>\n<hr \/>\n<p class=\"text-justify\"><strong><br \/>\nZimmeranfrage- und Kontaktformular<br \/>\n<\/strong><\/p>\n<p>Treten Sie bzgl. Anfragen jeglicher Art per E-Mail, Zimmeranfrage- und Kontaktformular mit uns in Kontakt, erteilen Sie uns zum Zwecke der Kontaktaufnahme Ihre freiwillige Einwilligung. Hierf\u00fcr ist die Angabe einer validen E-Mail-Adresse und Name des Ansprechpartners sowie bei der Zimmeranfrage das Anreise- und Abreisedatum f\u00fcr die Verarbeitung erforderlich. Diese dient der Zuordnung der Anfrage und der anschlie\u00dfenden Beantwortung derselben. Die Angabe weiterer Daten ist optional. Die von Ihnen gemachten Angaben werden zum Zwecke der Bearbeitung der Anfrage sowie f\u00fcr m\u00f6gliche Anschlussfragen gespeichert. Nach Erledigung der von Ihnen gestellten Anfragen werden diese personenbezogene Daten automatisch gel\u00f6scht.<\/p>\n<hr \/>\n<p><strong><br \/>\nSSL-Verschl\u00fcsselung<br \/>\n<\/strong>Diese Seite nutzt aus Gr\u00fcnden der Sicherheit und zum Schutz der \u00dcbertragung vertraulicher Inhalte, wie zum Beispiel der Anfragen, die Sie an uns als Seitenbetreiber senden, eine SSL-Verschl\u00fcsselung. Eine verschl\u00fcsselte Verbindung erkennen Sie daran, dass die Adresszeile des Browsers von &#8222;http:\/\/&#8220; auf &#8222;https:\/\/&#8220; wechselt und an dem Schloss-Symbol in Ihrer Browserzeile. Wenn die SSL Verschl\u00fcsselung aktiviert ist, k\u00f6nnen die Daten, die Sie an uns \u00fcbermitteln, nicht von Dritten mitgelesen werden.<\/p>\n<hr \/>\n<p class=\"text-justify\"><strong><br \/>\nEinsatz von reCAPTCHA<\/strong><\/p>\n<p class=\"text-justify\">Eingabeformulare auf unserer Seite sch\u00fctzen wir, indem wir den Dienst \u201ereCAPTCHA\u201c der Firma Google Inc., 1600 Amphitheatre Parkway, Mountain View, CA 94043 USA, nachfolgend \u201eGoogle\u201c genannt, einsetzen. Durch diesen Einsatz kann unterschieden werden, ob die entsprechende Eingabe menschlicher Herkunft ist oder durch automatisierte maschinelle Verarbeitung missbr\u00e4uchlich erfolgt.<\/p>\n<p class=\"text-justify\">Nach unserer Kenntnis werden die Referrer-URL, die IP-Adresse, das Verhalten der Websitenbesucher, Informationen \u00fcber Betriebssystem, Browser und Verweildauer, Cookies, Darstellungsanweisungen und Skripte, das Eingabeverhalten des Nutzers sowie Mausbewegungen im Bereich der \u201ereCAPTCHA\u201c-Checkbox an \u201eGoogle\u201c \u00fcbertragen.<\/p>\n<p class=\"text-justify\">Google verwendet die so erlangten Informationen unter anderem dazu, B\u00fccher und andere Druckerzeugnisse zu digitalisieren sowie Dienste wie Google Street View und Google Maps zu optimieren (bspw. Hausnummern- und Stra\u00dfennamenerkennung).<\/p>\n<p class=\"text-justify\">Die im Rahmen von \u201ereCAPTCHA\u201c \u00fcbermittelte IP-Adresse wird nicht mit anderen Daten von Google zusammengef\u00fchrt, es sei denn, Sie sind zum Zeitpunkt der Nutzung des \u201ereCAPTCHA\u201c-Plug-ins bei Ihrem Google-Account angemeldet. Wenn Sie diese \u00dcbermittlung und Speicherung von Daten \u00fcber Sie und Ihr Verhalten auf unserer Website durch \u201eGoogle\u201c unterbinden wollen, m\u00fcssen Sie sich bei \u201eGoogle\u201c ausloggen und zwar bevor Sie unsere Seite besuchen bzw. das reCAPTCHA Plug-in benutzen.<\/p>\n<p class=\"text-justify\">Die Nutzung des Dienstes \u201ereCAPTCHA\u201c erlangten Informationen erfolgt gem\u00e4\u00df den Google-Nutzungsbedingungen: <a href=\"https:\/\/www.google.com\/intl\/de\/policies\/privacy\/\" target=\"_blank\" rel=\"noopener\">https:\/\/www.google.com\/intl\/de\/policies\/privacy\/<\/a><\/p>\n<hr \/>\n<p class=\"text-justify\"><strong><br \/>\nVerwendung von Webfonts<\/strong><\/p>\n<p class=\"text-justify\">Auf diesen Internetseiten werden externe Schriften, Google Fonts verwendet. Google Fonts ist ein Dienst der Google Inc. (\u201eGoogle\u201c). Die Einbindung dieser Web Fonts erfolgt durch einen Serveraufruf, in der Regel ein Server von Google in den USA. Hierdurch wird an den Server \u00fcbermittelt, welche unserer Internetseiten Sie besucht haben. Auch wird die IP-Adresse des Browsers des Endger\u00e4tes des Besuchers dieser Internetseiten von Google gespeichert. N\u00e4here Informationen finden Sie in den Datenschutzhinweisen von Google, die Sie hier abrufen k\u00f6nnen: <a href=\"https:\/\/fonts.google.com\/#AboutPlace:about\" target=\"_blank\" rel=\"noopener\">www.google.com\/fonts#AboutPlace:about<\/a> oder <a href=\"https:\/\/www.google.com\/policies\/privacy\/\" target=\"_blank\" rel=\"noopener\">www.google.com\/policies\/privacy\/<\/a><\/p>\n<hr \/>\n<p class=\"text-justify\"><strong><br \/>\nRecht auf \u00c4nderung<\/strong><\/p>\n<p class=\"text-justify\">Wir behalten uns das Recht vor, unsere Datenschutzbestimmungen, wegen zum Beispiel technischer Entwicklung, jeder Zeit anzupassen. Sollten Sie mit den hier dargestellten Ma\u00dfnahmen zum Datenschutz nicht zufrieden sein oder haben Sie noch Fragen betreffend der Erhebung, Verarbeitung und\/oder der Nutzung Ihrer personenbezogenen Daten, so w\u00fcrden wir uns freuen, von Ihnen zu h\u00f6ren. Wir werden uns bem\u00fchen, Ihre Fragen so rasch wie m\u00f6glich zu beantworten und Ihre Anregungen umzusetzen. Bitte treten Sie mit uns in Kontakt.<\/p>\n","protected":false},"excerpt":{"rendered":"<p>Datenschutzerkl\u00e4rung Datenschutz \/ Grundsatz \/ Zweckbestimmung \/ Sicherheit Die Betreiber dieser Seiten nehmen den Schutz Ihrer pers\u00f6nlichen Daten sehr ernst. Wir behandeln Ihre personenbezogenen Daten vertraulich und entsprechend der gesetzlichen Datenschutzvorschriften sowie dieser Datenschutzerkl\u00e4rung. Wir m\u00f6chten, dass Sie wissen, wann&hellip; <\/p>\n","protected":false},"author":1,"featured_media":0,"parent":0,"menu_order":0,"comment_status":"closed","ping_status":"closed","template":"templates\/eigen.php","meta":{"ngg_post_thumbnail":0,"footnotes":""},"class_list":["post-565","page","type-page","status-publish","hentry"],"_links":{"self":[{"href":"https:\/\/altstadthotel-athos.de\/index.php?rest_route=\/wp\/v2\/pages\/565","targetHints":{"allow":["GET"]}}],"collection":[{"href":"https:\/\/altstadthotel-athos.de\/index.php?rest_route=\/wp\/v2\/pages"}],"about":[{"href":"https:\/\/altstadthotel-athos.de\/index.php?rest_route=\/wp\/v2\/types\/page"}],"author":[{"embeddable":true,"href":"https:\/\/altstadthotel-athos.de\/index.php?rest_route=\/wp\/v2\/users\/1"}],"replies":[{"embeddable":true,"href":"https:\/\/altstadthotel-athos.de\/index.php?rest_route=%2Fwp%2Fv2%2Fcomments&post=565"}],"version-history":[{"count":25,"href":"https:\/\/altstadthotel-athos.de\/index.php?rest_route=\/wp\/v2\/pages\/565\/revisions"}],"predecessor-version":[{"id":598,"href":"https:\/\/altstadthotel-athos.de\/index.php?rest_route=\/wp\/v2\/pages\/565\/revisions\/598"}],"wp:attachment":[{"href":"https:\/\/altstadthotel-athos.de\/index.php?rest_route=%2Fwp%2Fv2%2Fmedia&parent=565"}],"curies":[{"name":"wp","href":"https:\/\/api.w.org\/{rel}","templated":true}]}}