{"id":61,"date":"2015-06-19T20:05:07","date_gmt":"2015-06-19T18:05:07","guid":{"rendered":"http:\/\/www.altstadthotel-athos.de\/athos\/?page_id=61"},"modified":"2018-04-13T08:59:33","modified_gmt":"2018-04-13T06:59:33","slug":"hotel","status":"publish","type":"page","link":"https:\/\/altstadthotel-athos.de\/?page_id=61","title":{"rendered":"Hotel"},"content":{"rendered":"<p>Das Hotel mit seiner charakteristischen, historischen Backstein-Architektur ist traditionell modern ausgestattet. Im Interieur dominieren nat\u00fcrliche Materialien wie Kirschbaumholz, Marmor, Granit und Goldmessing ein Ambiente, in dem sich der Gast wohlf\u00fchlt.<\/p>\n<p>Die 20 Zimmer mit 38 Betten sind im behaglichen traditionellen Standard eingerichtet:<\/p>\n<table style=\"height: 215px;\" width=\"100%\">\n<tbody>\n<tr>\n<td width=\"33%\"><strong>Hotelausstattung<\/strong><\/td>\n<td width=\"34%\"><strong>Zimmerausstattung<\/strong><\/td>\n<td width=\"33%\"><strong>Serviceleistungen im Hotel<\/strong><\/td>\n<\/tr>\n<tr>\n<td>\u00a0<img loading=\"lazy\" decoding=\"async\" class=\"\" src=\"https:\/\/altstadthotel-athos.de\/wp-content\/uploads\/2015\/06\/haken.gif\" alt=\"haken\" width=\"17\" height=\"16\" \/> Hoteleigener Parkplatz<\/td>\n<td><img loading=\"lazy\" decoding=\"async\" class=\"\" src=\"https:\/\/altstadthotel-athos.de\/wp-content\/uploads\/2015\/06\/haken.gif\" alt=\"haken\" width=\"17\" height=\"16\" \/> Badezimmer mit Dusche \/ WC<\/td>\n<td><img loading=\"lazy\" decoding=\"async\" class=\"\" src=\"https:\/\/altstadthotel-athos.de\/wp-content\/uploads\/2015\/06\/haken.gif\" alt=\"haken\" width=\"17\" height=\"16\" \/> Englisch sprechendes Personal<\/td>\n<\/tr>\n<tr>\n<td>\u00a0<img loading=\"lazy\" decoding=\"async\" class=\"\" src=\"https:\/\/altstadthotel-athos.de\/wp-content\/uploads\/2015\/06\/haken.gif\" alt=\"haken\" width=\"17\" height=\"16\" \/> Raucher &amp; Nichtraucherzimmer<\/td>\n<td><img loading=\"lazy\" decoding=\"async\" class=\"\" src=\"https:\/\/altstadthotel-athos.de\/wp-content\/uploads\/2015\/06\/haken.gif\" alt=\"haken\" width=\"17\" height=\"16\" \/> K\u00fchlschrank<\/td>\n<td><img loading=\"lazy\" decoding=\"async\" class=\"\" src=\"https:\/\/altstadthotel-athos.de\/wp-content\/uploads\/2015\/06\/haken.gif\" alt=\"haken\" width=\"17\" height=\"16\" \/> B\u00fccher zum Lesen<\/td>\n<\/tr>\n<tr>\n<td>\u00a0<img loading=\"lazy\" decoding=\"async\" class=\"\" src=\"https:\/\/altstadthotel-athos.de\/wp-content\/uploads\/2015\/06\/haken.gif\" alt=\"haken\" width=\"17\" height=\"16\" \/> Gratis WLAN<\/td>\n<td><img loading=\"lazy\" decoding=\"async\" class=\"\" src=\"https:\/\/altstadthotel-athos.de\/wp-content\/uploads\/2015\/06\/haken.gif\" alt=\"haken\" width=\"17\" height=\"16\" \/>\u00a0SAT-Fernsehen<\/td>\n<td><img loading=\"lazy\" decoding=\"async\" class=\"\" src=\"https:\/\/altstadthotel-athos.de\/wp-content\/uploads\/2015\/06\/haken.gif\" alt=\"haken\" width=\"17\" height=\"16\" \/> Kostenlose Tageszeitung<\/td>\n<\/tr>\n<tr>\n<td>\u00a0<img loading=\"lazy\" decoding=\"async\" class=\"\" src=\"https:\/\/altstadthotel-athos.de\/wp-content\/uploads\/2015\/06\/haken.gif\" alt=\"haken\" width=\"17\" height=\"16\" \/> automatischer Telefon Weckruf<\/td>\n<td><img loading=\"lazy\" decoding=\"async\" class=\"\" src=\"https:\/\/altstadthotel-athos.de\/wp-content\/uploads\/2015\/06\/haken.gif\" alt=\"haken\" width=\"17\" height=\"16\" \/> Fenster zum \u00d6ffnen<\/td>\n<td><\/td>\n<\/tr>\n<tr>\n<td><\/td>\n<td><img loading=\"lazy\" decoding=\"async\" class=\"\" src=\"https:\/\/altstadthotel-athos.de\/wp-content\/uploads\/2015\/06\/haken.gif\" alt=\"haken\" width=\"17\" height=\"16\" \/> wohnlich dekoriert<\/td>\n<td><\/td>\n<\/tr>\n<\/tbody>\n<\/table>\n<p>Ob gesch\u00e4ftlich oder privat, ob f\u00fcr l\u00e4ngere Zeit oder nur ein oder zwei Tage: Wer den Charme, die Gastlichkeit und die K\u00fcche des Altstadthotels ATHOS und seiner Umgebung kennengelernt hat, freut sich auf ein Wiedersehen.<\/p>\nngg_shortcode_0_placeholder\n<p style=\"text-align: left;\">Durch seine zentrale und dennoch ruhige Lage in der Gothaer Altstadt bietet das Altstadthotel und Restaurant ATHOS auch alle Annehmlichkeiten in n\u00e4chster N\u00e4he:<\/p>\n<ul>\n<li style=\"text-align: left;\">Gesch\u00e4fte<a href=\"http:\/\/www.stiftungfriedenstein.de\/\" target=\"_blank\"><img loading=\"lazy\" decoding=\"async\" class=\"alignright wp-image-186\" src=\"https:\/\/altstadthotel-athos.de\/wp-content\/uploads\/2015\/06\/schlo\u00dffr-300x168.jpg\" alt=\"Schlo\u00df Friedenstein\" width=\"243\" height=\"136\" srcset=\"https:\/\/altstadthotel-athos.de\/wp-content\/uploads\/2015\/06\/schlo\u00dffr-300x168.jpg 300w, https:\/\/altstadthotel-athos.de\/wp-content\/uploads\/2015\/06\/schlo\u00dffr.jpg 581w\" sizes=\"auto, (max-width: 243px) 100vw, 243px\" \/><\/a><\/li>\n<li style=\"text-align: left;\">Friseur<\/li>\n<li style=\"text-align: left;\">Gothaer Schlo\u00df Friedenstein<\/li>\n<li>Theater, Museum<\/li>\n<li style=\"text-align: left;\">\u00f6ffentliche Verkehrsmittel, Stra\u00dfenbahn<\/li>\n<li style=\"text-align: left;\">und die ber\u00fchmte Th\u00fcringer Wald Bahn<\/li>\n<li style=\"text-align: left;\">Th\u00fcringens modernster Filmpalast<\/li>\n<li style=\"text-align: left;\">Gothaer Stadtpark<\/li>\n<\/ul>\n<p>&nbsp;<\/p>\n","protected":false},"excerpt":{"rendered":"<p>Das Hotel mit seiner charakteristischen, historischen Backstein-Architektur ist traditionell modern ausgestattet. Im Interieur dominieren nat\u00fcrliche Materialien wie Kirschbaumholz, Marmor, Granit und Goldmessing ein Ambiente, in dem sich der Gast wohlf\u00fchlt. Die 20 Zimmer mit 38 Betten sind im behaglichen traditionellen&hellip; <\/p>\n","protected":false},"author":1,"featured_media":0,"parent":0,"menu_order":2,"comment_status":"closed","ping_status":"closed","template":"templates\/eigen.php","meta":{"ngg_post_thumbnail":0,"footnotes":""},"class_list":["post-61","page","type-page","status-publish","hentry"],"_links":{"self":[{"href":"https:\/\/altstadthotel-athos.de\/index.php?rest_route=\/wp\/v2\/pages\/61","targetHints":{"allow":["GET"]}}],"collection":[{"href":"https:\/\/altstadthotel-athos.de\/index.php?rest_route=\/wp\/v2\/pages"}],"about":[{"href":"https:\/\/altstadthotel-athos.de\/index.php?rest_route=\/wp\/v2\/types\/page"}],"author":[{"embeddable":true,"href":"https:\/\/altstadthotel-athos.de\/index.php?rest_route=\/wp\/v2\/users\/1"}],"replies":[{"embeddable":true,"href":"https:\/\/altstadthotel-athos.de\/index.php?rest_route=%2Fwp%2Fv2%2Fcomments&post=61"}],"version-history":[{"count":65,"href":"https:\/\/altstadthotel-athos.de\/index.php?rest_route=\/wp\/v2\/pages\/61\/revisions"}],"predecessor-version":[{"id":563,"href":"https:\/\/altstadthotel-athos.de\/index.php?rest_route=\/wp\/v2\/pages\/61\/revisions\/563"}],"wp:attachment":[{"href":"https:\/\/altstadthotel-athos.de\/index.php?rest_route=%2Fwp%2Fv2%2Fmedia&parent=61"}],"curies":[{"name":"wp","href":"https:\/\/api.w.org\/{rel}","templated":true}]}}